{"id":18776,"date":"2023-02-19T15:17:18","date_gmt":"2023-02-19T12:17:18","guid":{"rendered":"https:\/\/ygoreal.com\/real-estate-rental\/"},"modified":"2023-03-05T00:53:57","modified_gmt":"2023-03-04T21:53:57","slug":"real-estate-rental","status":"publish","type":"page","link":"https:\/\/ygoreal.com\/en\/real-estate-rental\/","title":{"rendered":"Real Estate Rental"},"content":{"rendered":"\t\t<div data-elementor-type=\"wp-page\" data-elementor-id=\"18776\" class=\"elementor elementor-18776 elementor-17491\" data-elementor-post-type=\"page\">\n\t\t\t\t\t\t<section class=\"elementor-section elementor-top-section elementor-element elementor-element-623ae6b6 elementor-section-height-min-height animated-slow elementor-section-boxed elementor-section-height-default elementor-section-items-middle elementor-invisible\" data-id=\"623ae6b6\" data-element_type=\"section\" data-e-type=\"section\" data-settings=\"{&quot;background_background&quot;:&quot;classic&quot;,&quot;animation&quot;:&quot;fadeIn&quot;}\">\n\t\t\t\t\t\t\t<div class=\"elementor-background-overlay\"><\/div>\n\t\t\t\t\t\t\t<div class=\"elementor-container elementor-column-gap-default\">\n\t\t\t\t\t<div class=\"elementor-column elementor-col-100 elementor-top-column elementor-element elementor-element-4e3e8d51\" data-id=\"4e3e8d51\" data-element_type=\"column\" data-e-type=\"column\">\n\t\t\t<div class=\"elementor-widget-wrap elementor-element-populated\">\n\t\t\t\t\t\t<div class=\"elementor-element elementor-element-4e93cd49 elementor-widget elementor-widget-heading\" data-id=\"4e93cd49\" data-element_type=\"widget\" data-e-type=\"widget\" data-widget_type=\"heading.default\">\n\t\t\t\t\t<h1 class=\"elementor-heading-title elementor-size-default\">Real Estate Rental<\/h1>\t\t\t\t<\/div>\n\t\t\t\t\t<\/div>\n\t\t<\/div>\n\t\t\t\t\t<\/div>\n\t\t<\/section>\n\t\t\t\t<section class=\"elementor-section elementor-top-section elementor-element elementor-element-19e7aa15 elementor-section-boxed elementor-section-height-default elementor-section-height-default\" data-id=\"19e7aa15\" data-element_type=\"section\" data-e-type=\"section\" data-settings=\"{&quot;background_background&quot;:&quot;classic&quot;}\">\n\t\t\t\t\t\t<div class=\"elementor-container elementor-column-gap-default\">\n\t\t\t\t\t<div class=\"elementor-column elementor-col-100 elementor-top-column elementor-element elementor-element-20b019a1\" data-id=\"20b019a1\" data-element_type=\"column\" data-e-type=\"column\">\n\t\t\t<div class=\"elementor-widget-wrap elementor-element-populated\">\n\t\t\t\t\t\t<div class=\"elementor-element elementor-element-34bd9fa5 elementor-widget elementor-widget-spacer\" data-id=\"34bd9fa5\" data-element_type=\"widget\" data-e-type=\"widget\" data-widget_type=\"spacer.default\">\n\t\t\t\t\t\t\t<div class=\"elementor-spacer\">\n\t\t\t<div class=\"elementor-spacer-inner\"><\/div>\n\t\t<\/div>\n\t\t\t\t\t\t<\/div>\n\t\t\t\t<div class=\"elementor-element elementor-element-16843798 elementor-widget elementor-widget-text-editor\" data-id=\"16843798\" data-element_type=\"widget\" data-e-type=\"widget\" data-widget_type=\"text-editor.default\">\n\t\t\t\t\t\t\t\t\t<ul>\n<li>Real estate rental transactions are an issue that you need to devote a lot of time to. Finding a real estate suitable for your budget, in the location you want and the features you want can sometimes take months, or it can take a long time to rent your real estate to the people who are in your target audience at the right price. Rental processes are matters that require speed. Accurate analysis of the value of your property that you want to rent, market analysis according to its features, and negotiations with potential tenants are matters that require a lot of time.<\/li>\n<li>Real estate consultants are professional professionals who dominate their area. It analyzes the real estates in its own regions correctly and ensures that they are rented from their value. When you want to rent your real estate, it is a great advantage to work with a real estate consultant instead of the tedious individual management.<\/li>\n<li>To work with a real estate agent, you must first contact a professional real estate agent who has expertise in your area. Real estate consultants without regional expertise have low success rates in the leasing process. For example, YGOREAL ISTANBUL is the real estate consultancy office that makes the most sales\/rentals in regions such as B\u00fcy\u00fck\u00e7ekmece, Beylikd\u00fcz\u00fc, Bak\u0131rk\u00f6y, thus satisfying its customers by completing all real estate transactions as quickly as possible.<\/li>\n<li>If you contact the real estate agent, your real estate agent will set up an appointment to get to know your property. He\/She will meet at his real estate on the day and time of the appointment, listen to your requests and take the necessary notes about your property and provide you with a market analysis in a short time. Then, by starting marketing activities, it will introduce your real estate to potential tenants and give you information about the process. The first thirty days are very important in leasing transactions. The real estate agent, who is professional and has knowledge of the region, will provide you with the necessary information about the buyers within the first thirty days and will facilitate your agreement. In case of an agreement, it will provide both parties with detailed information about the procedure and will set up an appointment for the conclusion of the lease agreement. The real estate consultant will bring you together with your tenant on the date and time of your appointment and ensure that the rental agreement is made properly.<\/li>\n<li>Real estate leasing is a difficult and time-consuming process. By working with a professional real estate agent, you can have them manage all these difficult processes on your behalf.<\/li>\n<\/ul>\n\t\t\t\t\t\t\t\t<\/div>\n\t\t\t\t<div class=\"elementor-element elementor-element-18802202 elementor-widget elementor-widget-spacer\" data-id=\"18802202\" data-element_type=\"widget\" data-e-type=\"widget\" data-widget_type=\"spacer.default\">\n\t\t\t\t\t\t\t<div class=\"elementor-spacer\">\n\t\t\t<div class=\"elementor-spacer-inner\"><\/div>\n\t\t<\/div>\n\t\t\t\t\t\t<\/div>\n\t\t\t\t\t<\/div>\n\t\t<\/div>\n\t\t\t\t\t<\/div>\n\t\t<\/section>\n\t\t\t\t<\/div>\n\t\t","protected":false},"excerpt":{"rendered":"<p>Real Estate Rental Real estate rental transactions are an issue that you need to devote a lot of time to. Finding a real estate suitable for your budget, in the location you want and the features you want can sometimes take months, or it can take a long time to rent your real estate to [&hellip;]<\/p>\n","protected":false},"author":1,"featured_media":0,"parent":0,"menu_order":0,"comment_status":"closed","ping_status":"closed","template":"template\/template-homepage.php","meta":{"content-type":"","footnotes":""},"class_list":["post-18776","page","type-page","status-publish","hentry"],"aioseo_notices":[],"_links":{"self":[{"href":"https:\/\/ygoreal.com\/en\/wp-json\/wp\/v2\/pages\/18776","targetHints":{"allow":["GET"]}}],"collection":[{"href":"https:\/\/ygoreal.com\/en\/wp-json\/wp\/v2\/pages"}],"about":[{"href":"https:\/\/ygoreal.com\/en\/wp-json\/wp\/v2\/types\/page"}],"author":[{"embeddable":true,"href":"https:\/\/ygoreal.com\/en\/wp-json\/wp\/v2\/users\/1"}],"replies":[{"embeddable":true,"href":"https:\/\/ygoreal.com\/en\/wp-json\/wp\/v2\/comments?post=18776"}],"version-history":[{"count":1,"href":"https:\/\/ygoreal.com\/en\/wp-json\/wp\/v2\/pages\/18776\/revisions"}],"predecessor-version":[{"id":18777,"href":"https:\/\/ygoreal.com\/en\/wp-json\/wp\/v2\/pages\/18776\/revisions\/18777"}],"wp:attachment":[{"href":"https:\/\/ygoreal.com\/en\/wp-json\/wp\/v2\/media?parent=18776"}],"curies":[{"name":"wp","href":"https:\/\/api.w.org\/{rel}","templated":true}]}}